{"id":27,"date":"2014-03-08T11:40:36","date_gmt":"2014-03-08T09:40:36","guid":{"rendered":"https:\/\/hastenbeck.de\/?page_id=27"},"modified":"2014-03-16T16:53:05","modified_gmt":"2014-03-16T14:53:05","slug":"der-altar","status":"publish","type":"page","link":"https:\/\/hastenbeck.de\/?page_id=27","title":{"rendered":"Der Altar"},"content":{"rendered":"<p style=\"text-align: left;\">Kernst\u00fcck des Altartisches ist ein gemauerter Block mit einer gotischen Deckplatte. An den vier Ecken und in der Mitte der Platte befinden sich Weihekreuze. Vermutlich ist die Platte urspr\u00fcnglich schon als germanischer Opfertisch benutzt worden und wurde sp\u00e4ter geweiht.<br \/>\n<a href=\"https:\/\/hastenbeck.de\/wp-content\/uploads\/2014\/03\/midres_PIC00019.jpg\"><img loading=\"lazy\" decoding=\"async\" class=\" wp-image-114 aligncenter\" style=\"border: 1px solid black; margin-top: 25px; margin-bottom: 25px;\" alt=\"midres_PIC00019\" src=\"https:\/\/hastenbeck.de\/wp-content\/uploads\/2014\/03\/midres_PIC00019-300x225.jpg\" width=\"300\" height=\"225\" srcset=\"https:\/\/hastenbeck.de\/wp-content\/uploads\/2014\/03\/midres_PIC00019-300x225.jpg 300w, https:\/\/hastenbeck.de\/wp-content\/uploads\/2014\/03\/midres_PIC00019.jpg 800w\" sizes=\"auto, (max-width: 300px) 100vw, 300px\" \/><\/a><br \/>\nDer nachreformatorische Altar hat eine noch ungekl\u00e4rte Baugeschichte. Es ist eindeutig ein Passionsaltar. Kunstgeschichtlich k\u00f6nnte man sagen, da\u00df es sich um die Vergr\u00f6\u00dferung eines gotischen Altars mit barocken Elementen handelt.<\/p>\n<p style=\"text-align: center;\"><a href=\"https:\/\/hastenbeck.de\/wp-content\/uploads\/2014\/03\/midres_PIC00017.jpg\"><img loading=\"lazy\" decoding=\"async\" class=\" wp-image-115 aligncenter\" style=\"margin-top: 10px; margin-bottom: 10px; border: 1px solid black;\" alt=\"midres_PIC00017\" src=\"https:\/\/hastenbeck.de\/wp-content\/uploads\/2014\/03\/midres_PIC00017-300x225.jpg\" width=\"300\" height=\"225\" srcset=\"https:\/\/hastenbeck.de\/wp-content\/uploads\/2014\/03\/midres_PIC00017-300x225.jpg 300w, https:\/\/hastenbeck.de\/wp-content\/uploads\/2014\/03\/midres_PIC00017.jpg 800w\" sizes=\"auto, (max-width: 300px) 100vw, 300px\" \/><\/a><\/p>\n<p>Auf der R\u00fcckseite steht:<br \/>\n<em>Anno 1688, den 29.May ist dieser Altar zur Perfection gekommen welcher der Wohlgeborene Herr Hans Claus von Reden Erbherr auf Hastenbeck und Hameln zu Gottes Ehre und Gottseeligen Andencken in hiesige Kirche verehret.<\/em><\/p>\n","protected":false},"excerpt":{"rendered":"<p>Kernst\u00fcck des Altartisches ist ein gemauerter Block mit einer gotischen Deckplatte. An den vier Ecken und in der Mitte der Platte befinden sich Weihekreuze. Vermutlich ist die Platte urspr\u00fcnglich schon als germanischer Opfertisch benutzt worden und wurde sp\u00e4ter geweiht. Der nachreformatorische Altar hat eine noch ungekl\u00e4rte Baugeschichte. Es ist eindeutig ein Passionsaltar. Kunstgeschichtlich k\u00f6nnte man&#8230;<\/p>\n<p class=\"more-link-wrap\"><a href=\"https:\/\/hastenbeck.de\/?page_id=27\" class=\"more-link\">Mehr<span class=\"screen-reader-text\"> &ldquo;Der Altar&rdquo;<\/span> &raquo;<\/a><\/p>\n","protected":false},"author":1,"featured_media":0,"parent":0,"menu_order":0,"comment_status":"closed","ping_status":"closed","template":"","meta":{"footnotes":""},"class_list":["post-27","page","type-page","status-publish","hentry"],"_links":{"self":[{"href":"https:\/\/hastenbeck.de\/index.php?rest_route=\/wp\/v2\/pages\/27","targetHints":{"allow":["GET"]}}],"collection":[{"href":"https:\/\/hastenbeck.de\/index.php?rest_route=\/wp\/v2\/pages"}],"about":[{"href":"https:\/\/hastenbeck.de\/index.php?rest_route=\/wp\/v2\/types\/page"}],"author":[{"embeddable":true,"href":"https:\/\/hastenbeck.de\/index.php?rest_route=\/wp\/v2\/users\/1"}],"replies":[{"embeddable":true,"href":"https:\/\/hastenbeck.de\/index.php?rest_route=%2Fwp%2Fv2%2Fcomments&post=27"}],"version-history":[{"count":11,"href":"https:\/\/hastenbeck.de\/index.php?rest_route=\/wp\/v2\/pages\/27\/revisions"}],"predecessor-version":[{"id":307,"href":"https:\/\/hastenbeck.de\/index.php?rest_route=\/wp\/v2\/pages\/27\/revisions\/307"}],"wp:attachment":[{"href":"https:\/\/hastenbeck.de\/index.php?rest_route=%2Fwp%2Fv2%2Fmedia&parent=27"}],"curies":[{"name":"wp","href":"https:\/\/api.w.org\/{rel}","templated":true}]}}