{"id":244,"date":"2014-03-15T12:31:32","date_gmt":"2014-03-15T10:31:32","guid":{"rendered":"https:\/\/hastenbeck.de\/?page_id=244"},"modified":"2014-12-16T08:16:28","modified_gmt":"2014-12-16T06:16:28","slug":"das-epitaph","status":"publish","type":"page","link":"https:\/\/hastenbeck.de\/?page_id=244","title":{"rendered":"Das Epitaph"},"content":{"rendered":"<p><a href=\"https:\/\/hastenbeck.de\/wp-content\/uploads\/2014\/03\/epitaph-gross.jpg\"><img loading=\"lazy\" decoding=\"async\" class=\"alignleft wp-image-245\" style=\"border: 1px solid black;\" src=\"https:\/\/hastenbeck.de\/wp-content\/uploads\/2014\/03\/epitaph-gross-190x300.jpg\" alt=\"KONICA MINOLTA DIGITAL CAMERA\" width=\"190\" height=\"300\" srcset=\"https:\/\/hastenbeck.de\/wp-content\/uploads\/2014\/03\/epitaph-gross-190x300.jpg 190w, https:\/\/hastenbeck.de\/wp-content\/uploads\/2014\/03\/epitaph-gross.jpg 649w\" sizes=\"auto, (max-width: 190px) 100vw, 190px\" \/><\/a>Das Epitaph befindet sich links im Altarraum im n\u00f6rdlichen Seitenschiff. Es ist 6,84 m hoch und 4,56 m breit. Die Hintergrundplatten bestehen aus grauem, braunstichigem Marmor, r\u00f6tlichem Marmor f\u00fcr die Gliederungselemente und wei\u00dfem Marmor f\u00fcr die fig\u00fcrlichen und dekorativen Teile.<br \/>\nDer Verstorbene wird dargestellt als Berittener vor einer bergigen Hintergrundlandschaft mit einer Stadt. Davon Reiter, Zelte, Schanzen mit Gesch\u00fctzen.<\/p>\n<p><em>Der hochwohlgeborene Herr Christian Friedrich von Reden ist geboren am 25.M\u00e4rz 1659, als kaiserlich Mai. Rittmeister in Hungarn, 4 Jahr wider den Erbfeind, Hernach churf.durchl. zu Br. und L\u00fcneb. Obristwachtmeister am Rhein und in den Niderlanden wider den Franzosen. Der Belager- und <a href=\"https:\/\/hastenbeck.de\/wp-content\/uploads\/2014\/03\/epitaph-inschrift.jpg\"><img loading=\"lazy\" decoding=\"async\" class=\"size-medium wp-image-246 alignright\" style=\"border: 1px solid black;\" src=\"https:\/\/hastenbeck.de\/wp-content\/uploads\/2014\/03\/epitaph-inschrift-300x225.jpg\" alt=\"KONICA MINOLTA DIGITAL CAMERA\" width=\"300\" height=\"225\" srcset=\"https:\/\/hastenbeck.de\/wp-content\/uploads\/2014\/03\/epitaph-inschrift-300x225.jpg 300w, https:\/\/hastenbeck.de\/wp-content\/uploads\/2014\/03\/epitaph-inschrift.jpg 1024w\" sizes=\"auto, (max-width: 300px) 100vw, 300px\" \/><\/a>Eroberung Neuheu, sel.Pest.Gran.Mohatz. Griechs-Weissenburg, und der k\u00f6nigl. Hauptstadt Ofen. Auch beider churf\u00fcrstl. Residenzen blutigen Treffen zu Lahden, am 29.Jul.An.1693 sein Leben beschlossen, Seines Alters 34 Jahr 4 Monat. Dessen Seele Gott gn\u00e4dig sei.<\/em><\/p>\n<p><a href=\"https:\/\/hastenbeck.de\/wp-content\/uploads\/2014\/03\/tod.jpg\"><img loading=\"lazy\" decoding=\"async\" class=\"alignnone size-medium wp-image-247\" src=\"https:\/\/hastenbeck.de\/wp-content\/uploads\/2014\/03\/tod-177x300.jpg\" alt=\"KONICA MINOLTA DIGITAL CAMERA\" width=\"177\" height=\"300\" srcset=\"https:\/\/hastenbeck.de\/wp-content\/uploads\/2014\/03\/tod-177x300.jpg 177w, https:\/\/hastenbeck.de\/wp-content\/uploads\/2014\/03\/tod.jpg 605w\" sizes=\"auto, (max-width: 177px) 100vw, 177px\" \/><\/a><\/p>\n<p><em>Der Tod von Hastenbeck<\/em><\/p>\n","protected":false},"excerpt":{"rendered":"<p>Das Epitaph befindet sich links im Altarraum im n\u00f6rdlichen Seitenschiff. Es ist 6,84 m hoch und 4,56 m breit. Die Hintergrundplatten bestehen aus grauem, braunstichigem Marmor, r\u00f6tlichem Marmor f\u00fcr die Gliederungselemente und wei\u00dfem Marmor f\u00fcr die fig\u00fcrlichen und dekorativen Teile. Der Verstorbene wird dargestellt als Berittener vor einer bergigen Hintergrundlandschaft mit einer Stadt. Davon Reiter,&#8230;<\/p>\n<p class=\"more-link-wrap\"><a href=\"https:\/\/hastenbeck.de\/?page_id=244\" class=\"more-link\">Mehr<span class=\"screen-reader-text\"> &ldquo;Das Epitaph&rdquo;<\/span> &raquo;<\/a><\/p>\n","protected":false},"author":1,"featured_media":0,"parent":0,"menu_order":0,"comment_status":"closed","ping_status":"closed","template":"","meta":{"footnotes":""},"class_list":["post-244","page","type-page","status-publish","hentry"],"_links":{"self":[{"href":"https:\/\/hastenbeck.de\/index.php?rest_route=\/wp\/v2\/pages\/244","targetHints":{"allow":["GET"]}}],"collection":[{"href":"https:\/\/hastenbeck.de\/index.php?rest_route=\/wp\/v2\/pages"}],"about":[{"href":"https:\/\/hastenbeck.de\/index.php?rest_route=\/wp\/v2\/types\/page"}],"author":[{"embeddable":true,"href":"https:\/\/hastenbeck.de\/index.php?rest_route=\/wp\/v2\/users\/1"}],"replies":[{"embeddable":true,"href":"https:\/\/hastenbeck.de\/index.php?rest_route=%2Fwp%2Fv2%2Fcomments&post=244"}],"version-history":[{"count":4,"href":"https:\/\/hastenbeck.de\/index.php?rest_route=\/wp\/v2\/pages\/244\/revisions"}],"predecessor-version":[{"id":313,"href":"https:\/\/hastenbeck.de\/index.php?rest_route=\/wp\/v2\/pages\/244\/revisions\/313"}],"wp:attachment":[{"href":"https:\/\/hastenbeck.de\/index.php?rest_route=%2Fwp%2Fv2%2Fmedia&parent=244"}],"curies":[{"name":"wp","href":"https:\/\/api.w.org\/{rel}","templated":true}]}}