{"id":24,"date":"2014-03-08T11:36:50","date_gmt":"2014-03-08T09:36:50","guid":{"rendered":"https:\/\/hastenbeck.de\/?page_id=24"},"modified":"2014-03-15T17:49:21","modified_gmt":"2014-03-15T15:49:21","slug":"der-innenraum","status":"publish","type":"page","link":"https:\/\/hastenbeck.de\/?page_id=24","title":{"rendered":"Der Innenraum"},"content":{"rendered":"<p>Das weitr\u00e4umige sogenannte Langhaus hat die Form einer gotischen Hallenkirche. Das Mittelschiff und die beiden relativ schmalen Seitenschiffe werden in vier Jochen von Kreuzrippengew\u00f6lben auf spitzbogigen Gurtb\u00f6gen \u00fcber Wandvorlagen bzw. quadratischen Pfeilern \u00fcberspannt.<\/p>\n<p><a href=\"https:\/\/hastenbeck.de\/wp-content\/uploads\/2014\/03\/midres_PICT0061.jpg\"><img loading=\"lazy\" decoding=\"async\" class=\"wp-image-52 alignleft\" style=\"border: 1px solid black;\" alt=\"midres_PICT0061\" src=\"https:\/\/hastenbeck.de\/wp-content\/uploads\/2014\/03\/midres_PICT0061-300x225.jpg\" width=\"300\" height=\"225\" srcset=\"https:\/\/hastenbeck.de\/wp-content\/uploads\/2014\/03\/midres_PICT0061-300x225.jpg 300w, https:\/\/hastenbeck.de\/wp-content\/uploads\/2014\/03\/midres_PICT0061.jpg 800w\" sizes=\"auto, (max-width: 300px) 100vw, 300px\" \/><\/a>Der Raumeindruck wird vervollst\u00e4ndigt durch den im leicht erh\u00f6hten Altarraum aufgestellten Altar von 1688. Chorraum und Schiff werden durch eine aus gleicher Zeit stammende Balustrade getrennt. Im s\u00fcdlichen Seitenschiff schlie\u00dft an den Chorraum die Herrschaftsprieche vom Ende des 16. Jahrhunderts an.<\/p>\n<p><a href=\"https:\/\/hastenbeck.de\/wp-content\/uploads\/2014\/03\/midres_PICT0058.jpg\"><img loading=\"lazy\" decoding=\"async\" class=\"size-medium wp-image-98 alignright\" style=\"border: 1px solid black;\" alt=\"midres_PICT0058\" src=\"https:\/\/hastenbeck.de\/wp-content\/uploads\/2014\/03\/midres_PICT0058-300x225.jpg\" width=\"300\" height=\"225\" srcset=\"https:\/\/hastenbeck.de\/wp-content\/uploads\/2014\/03\/midres_PICT0058-300x225.jpg 300w, https:\/\/hastenbeck.de\/wp-content\/uploads\/2014\/03\/midres_PICT0058.jpg 800w\" sizes=\"auto, (max-width: 300px) 100vw, 300px\" \/><\/a><\/p>\n<p>Die Westwand des Schiffes nimmt die ebenfalls von 1688 stammende Empore ein mit der 1703 gefertigen Orgel.<\/p>\n","protected":false},"excerpt":{"rendered":"<p>Das weitr\u00e4umige sogenannte Langhaus hat die Form einer gotischen Hallenkirche. Das Mittelschiff und die beiden relativ schmalen Seitenschiffe werden in vier Jochen von Kreuzrippengew\u00f6lben auf spitzbogigen Gurtb\u00f6gen \u00fcber Wandvorlagen bzw. quadratischen Pfeilern \u00fcberspannt. Der Raumeindruck wird vervollst\u00e4ndigt durch den im leicht erh\u00f6hten Altarraum aufgestellten Altar von 1688. Chorraum und Schiff werden durch eine aus gleicher&#8230;<\/p>\n<p class=\"more-link-wrap\"><a href=\"https:\/\/hastenbeck.de\/?page_id=24\" class=\"more-link\">Mehr<span class=\"screen-reader-text\"> &ldquo;Der Innenraum&rdquo;<\/span> &raquo;<\/a><\/p>\n","protected":false},"author":1,"featured_media":0,"parent":0,"menu_order":0,"comment_status":"closed","ping_status":"closed","template":"","meta":{"footnotes":""},"class_list":["post-24","page","type-page","status-publish","hentry"],"_links":{"self":[{"href":"https:\/\/hastenbeck.de\/index.php?rest_route=\/wp\/v2\/pages\/24","targetHints":{"allow":["GET"]}}],"collection":[{"href":"https:\/\/hastenbeck.de\/index.php?rest_route=\/wp\/v2\/pages"}],"about":[{"href":"https:\/\/hastenbeck.de\/index.php?rest_route=\/wp\/v2\/types\/page"}],"author":[{"embeddable":true,"href":"https:\/\/hastenbeck.de\/index.php?rest_route=\/wp\/v2\/users\/1"}],"replies":[{"embeddable":true,"href":"https:\/\/hastenbeck.de\/index.php?rest_route=%2Fwp%2Fv2%2Fcomments&post=24"}],"version-history":[{"count":19,"href":"https:\/\/hastenbeck.de\/index.php?rest_route=\/wp\/v2\/pages\/24\/revisions"}],"predecessor-version":[{"id":285,"href":"https:\/\/hastenbeck.de\/index.php?rest_route=\/wp\/v2\/pages\/24\/revisions\/285"}],"wp:attachment":[{"href":"https:\/\/hastenbeck.de\/index.php?rest_route=%2Fwp%2Fv2%2Fmedia&parent=24"}],"curies":[{"name":"wp","href":"https:\/\/api.w.org\/{rel}","templated":true}]}}