{"id":195,"date":"2014-03-15T05:53:34","date_gmt":"2014-03-15T03:53:34","guid":{"rendered":"https:\/\/hastenbeck.de\/?page_id=195"},"modified":"2014-03-15T17:52:36","modified_gmt":"2014-03-15T15:52:36","slug":"die-kanzel","status":"publish","type":"page","link":"https:\/\/hastenbeck.de\/?page_id=195","title":{"rendered":"Die Kanzel"},"content":{"rendered":"<p style=\"text-align: left;\">Die Kanzel aus der ersten H\u00e4lfte des 17. Jahrhunderts ist auch sehr bemerkenswert. Der siebeneckige Korb ruht auf einer Eichenst\u00fctze. Auf den Seitenfeldern finden sich Tafelmalereien in \u00d6l auf Holz.<\/p>\n<p><a href=\"https:\/\/hastenbeck.de\/wp-content\/uploads\/2014\/03\/korb.jpg\"><img loading=\"lazy\" decoding=\"async\" class=\"size-medium wp-image-196 alignnone\" style=\"border: 1px solid black;\" alt=\"KONICA MINOLTA DIGITAL CAMERA\" src=\"https:\/\/hastenbeck.de\/wp-content\/uploads\/2014\/03\/korb-179x300.jpg\" width=\"179\" height=\"300\" srcset=\"https:\/\/hastenbeck.de\/wp-content\/uploads\/2014\/03\/korb-179x300.jpg 179w, https:\/\/hastenbeck.de\/wp-content\/uploads\/2014\/03\/korb.jpg 611w\" sizes=\"auto, (max-width: 179px) 100vw, 179px\" \/><\/a><\/p>\n<p>Nicht eigentlich christlich sieht man nachdenklich machende Darstellungen mit knappen Hinweisen:<\/p>\n<p style=\"text-align: center;\"><a href=\"https:\/\/hastenbeck.de\/wp-content\/uploads\/2014\/03\/brennglass.jpg\"><img loading=\"lazy\" decoding=\"async\" class=\" wp-image-197 aligncenter\" style=\"border: 1px solid black;\" alt=\"KONICA MINOLTA DIGITAL CAMERA\" src=\"https:\/\/hastenbeck.de\/wp-content\/uploads\/2014\/03\/brennglass-110x300.jpg\" width=\"110\" height=\"300\" srcset=\"https:\/\/hastenbeck.de\/wp-content\/uploads\/2014\/03\/brennglass-110x300.jpg 110w, https:\/\/hastenbeck.de\/wp-content\/uploads\/2014\/03\/brennglass.jpg 377w\" sizes=\"auto, (max-width: 110px) 100vw, 110px\" \/><\/a>Durch einen Spiegel fallende Sonnenstrahlen entfachen einen Holzsto\u00df:\u00a0\u00a0\u00a0 <em>durch Kraft von oben<\/em><\/p>\n<p style=\"text-align: center;\"><a href=\"https:\/\/hastenbeck.de\/wp-content\/uploads\/2014\/03\/blumen.jpg\"><img loading=\"lazy\" decoding=\"async\" class=\"size-medium wp-image-198 aligncenter\" style=\"border: 1px solid black;\" alt=\"KONICA MINOLTA DIGITAL CAMERA\" src=\"https:\/\/hastenbeck.de\/wp-content\/uploads\/2014\/03\/blumen-121x300.jpg\" width=\"121\" height=\"300\" \/><\/a>Blumenvase auf einem Tisch:<br \/>\n<em>die Blumen den Augen, Gottes Wort den Herzen<\/em><\/p>\n<p style=\"text-align: center;\"><a href=\"https:\/\/hastenbeck.de\/wp-content\/uploads\/2014\/03\/adler.jpg\"><img loading=\"lazy\" decoding=\"async\" class=\"size-medium wp-image-199 aligncenter\" style=\"border: 1px solid black;\" alt=\"KONICA MINOLTA DIGITAL CAMERA\" src=\"https:\/\/hastenbeck.de\/wp-content\/uploads\/2014\/03\/adler-105x300.jpg\" width=\"105\" height=\"300\" \/><\/a>Vom Horst auffliegender Adler, seine Jungen der Sonne<br \/>\nentgegentragend:<br \/>\n<em>der mir folget, sieht das Licht<\/em><\/p>\n<p style=\"text-align: center;\"><a href=\"https:\/\/hastenbeck.de\/wp-content\/uploads\/2014\/03\/uhr.jpg\"><img loading=\"lazy\" decoding=\"async\" class=\"size-medium wp-image-200 aligncenter\" style=\"border: 1px solid black;\" alt=\"KONICA MINOLTA DIGITAL CAMERA\" src=\"https:\/\/hastenbeck.de\/wp-content\/uploads\/2014\/03\/uhr-111x300.jpg\" width=\"111\" height=\"300\" \/><\/a><br \/>\nEine Taschenuhr mit anh\u00e4ngendem Schl\u00fcssel auf einem Tisch:<br \/>\n<em>das Edelste ist verborgen<\/em><\/p>\n<p style=\"text-align: center;\"><a href=\"https:\/\/hastenbeck.de\/wp-content\/uploads\/2014\/03\/sixtant.jpg\"><img loading=\"lazy\" decoding=\"async\" class=\" wp-image-201 aligncenter\" style=\"border: 1px solid black;\" alt=\"KONICA MINOLTA DIGITAL CAMERA\" src=\"https:\/\/hastenbeck.de\/wp-content\/uploads\/2014\/03\/sixtant-116x300.jpg\" width=\"116\" height=\"300\" srcset=\"https:\/\/hastenbeck.de\/wp-content\/uploads\/2014\/03\/sixtant-116x300.jpg 116w, https:\/\/hastenbeck.de\/wp-content\/uploads\/2014\/03\/sixtant.jpg 397w\" sizes=\"auto, (max-width: 116px) 100vw, 116px\" \/><\/a><br \/>\nEin obeliskartiger Pfahl mit 5 durchsteckten Querstegen,<br \/>\ndaran angelehnt eine zerbrochene Stange<br \/>\n(vielleicht ein trignonometrisches Instrument):<br \/>\n<em>entfernt und doch zugegen<\/em><\/p>\n<p style=\"text-align: center;\"><a href=\"https:\/\/hastenbeck.de\/wp-content\/uploads\/2014\/03\/sieb.jpg\"><img loading=\"lazy\" decoding=\"async\" class=\" wp-image-202 aligncenter\" style=\"border: 1px solid black;\" alt=\"KONICA MINOLTA DIGITAL CAMERA\" src=\"https:\/\/hastenbeck.de\/wp-content\/uploads\/2014\/03\/sieb-99x300.jpg\" width=\"99\" height=\"300\" srcset=\"https:\/\/hastenbeck.de\/wp-content\/uploads\/2014\/03\/sieb-99x300.jpg 99w, https:\/\/hastenbeck.de\/wp-content\/uploads\/2014\/03\/sieb.jpg 339w\" sizes=\"auto, (max-width: 99px) 100vw, 99px\" \/><\/a><br \/>\nEin in der Luft schwebendes Sieb, duch das Spreu hindurchf\u00e4llt:<br \/>\n<em>das R\u00fctteln s\u00e4ubert<\/em><\/p>\n","protected":false},"excerpt":{"rendered":"<p>Die Kanzel aus der ersten H\u00e4lfte des 17. Jahrhunderts ist auch sehr bemerkenswert. Der siebeneckige Korb ruht auf einer Eichenst\u00fctze. Auf den Seitenfeldern finden sich Tafelmalereien in \u00d6l auf Holz. Nicht eigentlich christlich sieht man nachdenklich machende Darstellungen mit knappen Hinweisen: Durch einen Spiegel fallende Sonnenstrahlen entfachen einen Holzsto\u00df:\u00a0\u00a0\u00a0 durch Kraft von oben Blumenvase auf&#8230;<\/p>\n<p class=\"more-link-wrap\"><a href=\"https:\/\/hastenbeck.de\/?page_id=195\" class=\"more-link\">Mehr<span class=\"screen-reader-text\"> &ldquo;Die Kanzel&rdquo;<\/span> &raquo;<\/a><\/p>\n","protected":false},"author":1,"featured_media":0,"parent":0,"menu_order":0,"comment_status":"closed","ping_status":"closed","template":"","meta":{"footnotes":""},"class_list":["post-195","page","type-page","status-publish","hentry"],"_links":{"self":[{"href":"https:\/\/hastenbeck.de\/index.php?rest_route=\/wp\/v2\/pages\/195","targetHints":{"allow":["GET"]}}],"collection":[{"href":"https:\/\/hastenbeck.de\/index.php?rest_route=\/wp\/v2\/pages"}],"about":[{"href":"https:\/\/hastenbeck.de\/index.php?rest_route=\/wp\/v2\/types\/page"}],"author":[{"embeddable":true,"href":"https:\/\/hastenbeck.de\/index.php?rest_route=\/wp\/v2\/users\/1"}],"replies":[{"embeddable":true,"href":"https:\/\/hastenbeck.de\/index.php?rest_route=%2Fwp%2Fv2%2Fcomments&post=195"}],"version-history":[{"count":10,"href":"https:\/\/hastenbeck.de\/index.php?rest_route=\/wp\/v2\/pages\/195\/revisions"}],"predecessor-version":[{"id":289,"href":"https:\/\/hastenbeck.de\/index.php?rest_route=\/wp\/v2\/pages\/195\/revisions\/289"}],"wp:attachment":[{"href":"https:\/\/hastenbeck.de\/index.php?rest_route=%2Fwp%2Fv2%2Fmedia&parent=195"}],"curies":[{"name":"wp","href":"https:\/\/api.w.org\/{rel}","templated":true}]}}