{"id":123,"date":"2014-03-08T18:32:52","date_gmt":"2014-03-08T16:32:52","guid":{"rendered":"https:\/\/hastenbeck.de\/?page_id=123"},"modified":"2022-04-03T17:40:54","modified_gmt":"2022-04-03T15:40:54","slug":"der-altaraufsatz","status":"publish","type":"page","link":"https:\/\/hastenbeck.de\/?page_id=123","title":{"rendered":"Der Altaraufsatz"},"content":{"rendered":"<p>Der Altaraufsatz besteht aus 3 Achsen, die zweigeschossig gegliedert sind. Aus der Wand heraustretendes S\u00e4ulen (Pilaster) rahmen die Teile ein. Das gro\u00dfe mittlere Bild mit der Kreuzigungsszene wird von gesprengten Giebeln gekr\u00f6nt.<\/p>\n<p><a href=\"https:\/\/hastenbeck.de\/wp-content\/uploads\/2014\/03\/DSC_0755.jpg\"><img loading=\"lazy\" decoding=\"async\" class=\" wp-image-130 \" style=\"border: 1px solid black;\" title=\"Retabel\" src=\"https:\/\/hastenbeck.de\/wp-content\/uploads\/2014\/03\/DSC_0755-217x300.jpg\" alt=\"DSC_0755\" width=\"217\" height=\"300\" srcset=\"https:\/\/hastenbeck.de\/wp-content\/uploads\/2014\/03\/DSC_0755-217x300.jpg 217w, https:\/\/hastenbeck.de\/wp-content\/uploads\/2014\/03\/DSC_0755.jpg 741w\" sizes=\"auto, (max-width: 217px) 100vw, 217px\" \/><\/a><\/p>\n<p>Zentrum des Altars ist die Kreuzigung. Bemerkenswert insofern, als der gemalte Hintergund eine mittelalterliche Dorf- oder Stadtszene darstellt. Kreuz und Korpus sind plastisch herausgearbeitet.<br \/>\nLinks und rechts Maria und Johannes.<\/p>\n<p>Ganz oben befindet sich das Medaillon mit der Darstellung von der Grablegung Jesu.<\/p>\n<p><a href=\"https:\/\/hastenbeck.de\/wp-content\/uploads\/2014\/03\/DSC_0138-11.jpg\"><img loading=\"lazy\" decoding=\"async\" class=\"size-medium wp-image-166 alignleft\" style=\"border: 1px solid black;\" src=\"https:\/\/hastenbeck.de\/wp-content\/uploads\/2014\/03\/DSC_0138-11-123x300.jpg\" alt=\"DSC_0138-1\" width=\"123\" height=\"300\" srcset=\"https:\/\/hastenbeck.de\/wp-content\/uploads\/2014\/03\/DSC_0138-11-123x300.jpg 123w, https:\/\/hastenbeck.de\/wp-content\/uploads\/2014\/03\/DSC_0138-11.jpg 421w\" sizes=\"auto, (max-width: 123px) 100vw, 123px\" \/><\/a>Die Darstellungen links und rechts von der Kreuzigung sind Reliefs,<br \/>\ndie von einem vermutlich wesentlich \u00e4lteren, gothischen\u00a0 Altar stammen. Sie ruhen auf einer sogenannte Pilasterarchitektur, d.h. aus den W\u00e4nden heraustretende S\u00e4ulen bzw. Engeln.<\/p>\n<p>Hier sehen wir die Gethsemanegeschichte: Jesus im Gebet, ihm naht sich ein Engel mit einem Kelch. &#8222;<em>Vater, wenns m\u00f6glich ist, lass diesen Kelch an mir vor\u00fcbergehen&#8220;.<\/em><br \/>\nDie J\u00fcnger schlafen, ganz links naht Judas bereits mit den Kriegsknechten.<a href=\"https:\/\/hastenbeck.de\/wp-content\/uploads\/2014\/03\/PICT0033.jpg\"><img loading=\"lazy\" decoding=\"async\" class=\"wp-image-133 alignright\" style=\"border: 1px solid black;\" src=\"https:\/\/hastenbeck.de\/wp-content\/uploads\/2014\/03\/PICT0033-300x225.jpg\" alt=\"KONICA MINOLTA DIGITAL CAMERA\" width=\"300\" height=\"225\" srcset=\"https:\/\/hastenbeck.de\/wp-content\/uploads\/2014\/03\/PICT0033-300x225.jpg 300w, https:\/\/hastenbeck.de\/wp-content\/uploads\/2014\/03\/PICT0033.jpg 1024w\" sizes=\"auto, (max-width: 300px) 100vw, 300px\" \/><\/a><\/p>\n<p>Dar\u00fcber findet sich ein Wappen mit Helmzier, gehalten von Putten. Es handelt sich um das Wappen <em>&#8222;von Reden&#8220;<\/em>.<\/p>\n<p><a href=\"https:\/\/hastenbeck.de\/wp-content\/uploads\/2014\/03\/DSC_0138-2.jpg\"><img loading=\"lazy\" decoding=\"async\" class=\"size-medium wp-image-136 alignleft\" style=\"border: 1px solid black;\" src=\"https:\/\/hastenbeck.de\/wp-content\/uploads\/2014\/03\/DSC_0138-2-137x300.jpg\" alt=\"DSC_0138-2\" width=\"137\" height=\"300\" \/><\/a><\/p>\n<p>Rechts die Gefangennahme Jesu, zwei Kriegsknechte packen Jesus, einer legt ihm eine Kette um den Hals, ein anderer greift ihn an der Brust und am Kopf. Petrus z\u00fcckt sein Schwert, der Knecht Malchus liegt am Boden zu Jesu F\u00fc\u00dfen. Jesus fasst dessen Ohr an.<\/p>\n<p><a href=\"https:\/\/hastenbeck.de\/wp-content\/uploads\/2014\/03\/PICT00121.jpg\"><img loading=\"lazy\" decoding=\"async\" class=\"size-medium wp-image-171 alignnone\" style=\"border: 1px solid black;\" src=\"https:\/\/hastenbeck.de\/wp-content\/uploads\/2014\/03\/PICT00121-300x225.jpg\" alt=\"KONICA MINOLTA DIGITAL CAMERA\" width=\"300\" height=\"225\" srcset=\"https:\/\/hastenbeck.de\/wp-content\/uploads\/2014\/03\/PICT00121-300x225.jpg 300w, https:\/\/hastenbeck.de\/wp-content\/uploads\/2014\/03\/PICT00121.jpg 1024w\" sizes=\"auto, (max-width: 300px) 100vw, 300px\" \/><\/a><\/p>\n<p>\u00dcber diesem Bild befindet ein Wappen mit Helmzier, gehalten von Putten. Vermutlich ist dieses das Wappen <em>&#8222;von Heimborch&#8220;.<\/em><\/p>\n<p>Links und rechts des Medaillons sieht man die vier Evangelisten, jeder hat ein Buch in der Hand, mit den ihnen zugeordneten Sysmbolen. Sie sind der Gottesvision der Propheten Hesekiel\u00a0 bzw. der Wiederholung aus der Offenbarung des Johannes\u00a0 entnommen:<br \/>\n<em>&#8222;Ich sah um den Thron vier Wesen: das erste glich einem L\u00f6wen, das zweite einem Stier (Kalb), das dritte hatte ein Gesicht wie ein Mensch, das vierte glich einem fliegenden Adler.&#8220;<\/em><\/p>\n<p>Die Deutung der Symbole geht auf den Kirchenvater Hieronymus zur\u00fcck:<\/p>\n<ul>\n<li><strong>Matth\u00e4us<\/strong>: gefl\u00fcgelter Mensch, weil er sein Evangelium mit der menschlichen Geburt\u00a0 Christi anf\u00e4ngt.<\/li>\n<li><strong>Markus:<\/strong> gefl\u00fcgelter L\u00f6we, weil er mit der Predigt des Johannes in der W\u00fcste beginnt.<\/li>\n<li><strong>Lukas:<\/strong> gefl\u00fcgelter Stier, weil er mit dem Priester Zacharias und seinem Opferdienst beginnt.<\/li>\n<li><strong>Johannes:<\/strong> ein Adler, weil aus ihm der g\u00f6ttliche Geist am m\u00e4chtigsten spricht, weil er sich in die sublimsten und h\u00f6chsten Regionen des Bewu\u00dftseins aufschwingt, so , wie ein Adler sich zur Sonne erhebt.<\/li>\n<\/ul>\n<p>Ganz oben auf der Spitze steht der auferstandene Jesus mit Siegesfahne auf der Weltkugel, um die eine Schlange liegt.<\/p>\n<p><a href=\"https:\/\/hastenbeck.de\/wp-content\/uploads\/2014\/03\/PICT0004.jpg\"><img loading=\"lazy\" decoding=\"async\" class=\" wp-image-144 alignleft\" style=\"border: 1px solid black;\" src=\"https:\/\/hastenbeck.de\/wp-content\/uploads\/2014\/03\/PICT0004-300x225.jpg\" alt=\"KONICA MINOLTA DIGITAL CAMERA\" width=\"300\" height=\"225\" srcset=\"https:\/\/hastenbeck.de\/wp-content\/uploads\/2014\/03\/PICT0004-300x225.jpg 300w, https:\/\/hastenbeck.de\/wp-content\/uploads\/2014\/03\/PICT0004.jpg 1024w\" sizes=\"auto, (max-width: 300px) 100vw, 300px\" \/><\/a>Lukas 10,19: <em>Siehe, ich habe euch Vollmacht gegeben, zu treten auf Schlangen und Skorpione und \u00fcber alle Gewalt des Feindes. und nichts wird euch schaden.<\/em> Hierzu auch das Lied: <em>Gott sein Dank durch alle Welt,<\/em> Vers 6: <em>tritt der Schlange Kopf entzwei&#8230;.<\/em><\/p>\n<p><a href=\"https:\/\/hastenbeck.de\/wp-content\/uploads\/2014\/03\/PICT0179.jpg\"><img loading=\"lazy\" decoding=\"async\" class=\"size-medium wp-image-146 alignleft\" style=\"border: 1px solid black;\" src=\"https:\/\/hastenbeck.de\/wp-content\/uploads\/2014\/03\/PICT0179-300x225.jpg\" alt=\"KONICA MINOLTA DIGITAL CAMERA\" width=\"300\" height=\"225\" srcset=\"https:\/\/hastenbeck.de\/wp-content\/uploads\/2014\/03\/PICT0179-300x225.jpg 300w, https:\/\/hastenbeck.de\/wp-content\/uploads\/2014\/03\/PICT0179.jpg 1024w\" sizes=\"auto, (max-width: 300px) 100vw, 300px\" \/><\/a>Die Aussprengung im Pilaster links vom Grablegungsbild soll der \u00dcberlieferung nach durch ein Gescho\u00df verursacht sein, das w\u00e4hrend<br \/>\nder Schlacht bei Hastenbeck im Jahre 1757 das Chorfenster und das Retabel durchschlug.<\/p>\n<p><a href=\"https:\/\/hastenbeck.de\/wp-content\/uploads\/2014\/03\/PICT0046-2.jpg\"><img loading=\"lazy\" decoding=\"async\" class=\"alignnone size-medium wp-image-182\" style=\"border: 1px solid black;\" src=\"https:\/\/hastenbeck.de\/wp-content\/uploads\/2014\/03\/PICT0046-2-300x91.jpg\" alt=\"KONICA MINOLTA DIGITAL CAMERA\" width=\"300\" height=\"91\" srcset=\"https:\/\/hastenbeck.de\/wp-content\/uploads\/2014\/03\/PICT0046-2-300x91.jpg 300w, https:\/\/hastenbeck.de\/wp-content\/uploads\/2014\/03\/PICT0046-2.jpg 1024w\" sizes=\"auto, (max-width: 300px) 100vw, 300px\" \/><\/a><\/p>\n<p>Der Altarsockel besteht aus einem Bild mit der Abendmahlsszene.<\/p>\n","protected":false},"excerpt":{"rendered":"<p>Der Altaraufsatz besteht aus 3 Achsen, die zweigeschossig gegliedert sind. Aus der Wand heraustretendes S\u00e4ulen (Pilaster) rahmen die Teile ein. Das gro\u00dfe mittlere Bild mit der Kreuzigungsszene wird von gesprengten Giebeln gekr\u00f6nt. Zentrum des Altars ist die Kreuzigung. Bemerkenswert insofern, als der gemalte Hintergund eine mittelalterliche Dorf- oder Stadtszene darstellt. Kreuz und Korpus sind plastisch&#8230;<\/p>\n<p class=\"more-link-wrap\"><a href=\"https:\/\/hastenbeck.de\/?page_id=123\" class=\"more-link\">Mehr<span class=\"screen-reader-text\"> &ldquo;Der Altaraufsatz&rdquo;<\/span> &raquo;<\/a><\/p>\n","protected":false},"author":1,"featured_media":0,"parent":0,"menu_order":0,"comment_status":"closed","ping_status":"closed","template":"","meta":{"footnotes":""},"class_list":["post-123","page","type-page","status-publish","hentry"],"_links":{"self":[{"href":"https:\/\/hastenbeck.de\/index.php?rest_route=\/wp\/v2\/pages\/123","targetHints":{"allow":["GET"]}}],"collection":[{"href":"https:\/\/hastenbeck.de\/index.php?rest_route=\/wp\/v2\/pages"}],"about":[{"href":"https:\/\/hastenbeck.de\/index.php?rest_route=\/wp\/v2\/types\/page"}],"author":[{"embeddable":true,"href":"https:\/\/hastenbeck.de\/index.php?rest_route=\/wp\/v2\/users\/1"}],"replies":[{"embeddable":true,"href":"https:\/\/hastenbeck.de\/index.php?rest_route=%2Fwp%2Fv2%2Fcomments&post=123"}],"version-history":[{"count":45,"href":"https:\/\/hastenbeck.de\/index.php?rest_route=\/wp\/v2\/pages\/123\/revisions"}],"predecessor-version":[{"id":395,"href":"https:\/\/hastenbeck.de\/index.php?rest_route=\/wp\/v2\/pages\/123\/revisions\/395"}],"wp:attachment":[{"href":"https:\/\/hastenbeck.de\/index.php?rest_route=%2Fwp%2Fv2%2Fmedia&parent=123"}],"curies":[{"name":"wp","href":"https:\/\/api.w.org\/{rel}","templated":true}]}}